{"id":907,"date":"2025-03-17T13:35:54","date_gmt":"2025-03-17T12:35:54","guid":{"rendered":"https:\/\/www.sikovnebyvanie.sk\/?page_id=907"},"modified":"2025-03-17T21:02:59","modified_gmt":"2025-03-17T20:02:59","slug":"elektroinstalacie","status":"publish","type":"page","link":"https:\/\/www.sikovnebyvanie.sk\/?page_id=907","title":{"rendered":"Elektroin\u0161tal\u00e1cie"},"content":{"rendered":"\t\t<div data-elementor-type=\"wp-page\" data-elementor-id=\"907\" class=\"elementor elementor-907\">\n\t\t\t\t\t\t<section class=\"elementor-section elementor-top-section elementor-element elementor-element-655e830 elementor-section-full_width obelisk-section-mode6 elementor-section-height-default elementor-section-height-default\" data-id=\"655e830\" data-element_type=\"section\">\n\t\t\t\t\t\t<div class=\"elementor-container elementor-column-gap-default\">\n\t\t\t\t\t<div class=\"elementor-column elementor-col-100 elementor-top-column elementor-element elementor-element-bff204f\" data-id=\"bff204f\" data-element_type=\"column\">\n\t\t\t<div class=\"elementor-widget-wrap elementor-element-populated\">\n\t\t\t\t\t\t<section class=\"elementor-section elementor-inner-section elementor-element elementor-element-981e9c8 elementor-section-boxed elementor-section-height-default elementor-section-height-default\" data-id=\"981e9c8\" data-element_type=\"section\">\n\t\t\t\t\t\t<div class=\"elementor-container elementor-column-gap-default\">\n\t\t\t\t\t<div class=\"elementor-column elementor-col-100 elementor-inner-column elementor-element elementor-element-ad25d71\" data-id=\"ad25d71\" data-element_type=\"column\">\n\t\t\t<div class=\"elementor-widget-wrap elementor-element-populated\">\n\t\t\t\t\t\t<div class=\"elementor-element elementor-element-49e5c8f elementor-align-left elementor-invisible elementor-widget elementor-widget-obelisk-title\" data-id=\"49e5c8f\" data-element_type=\"widget\" data-settings=\"{&quot;_animation&quot;:&quot;fadeInUp&quot;}\" data-widget_type=\"obelisk-title.default\">\n\t\t\t\t<div class=\"elementor-widget-container\">\n\t\t\t\t\t\r\n\r\n<div class=\"obelisk-header style-6 text-center\">\r\n    <div class=\"container\">\r\n        <div class=\"sec-head\">\r\n            <h6>Spo\u013eahliv\u00e9 rie\u0161enia pre bezpe\u010dn\u00fd a modern\u00fd domov<\/h6>\r\n            <h3 class=\"color-font\">Elektroin\u0161tal\u00e1cie<\/h3>\r\n        <\/div>\r\n    <\/div>\r\n<\/div>\t\t\t\t<\/div>\n\t\t\t\t<\/div>\n\t\t\t\t\t<\/div>\n\t\t<\/div>\n\t\t\t\t\t<\/div>\n\t\t<\/section>\n\t\t\t\t\t<\/div>\n\t\t<\/div>\n\t\t\t\t\t<\/div>\n\t\t<\/section>\n\t\t<div class=\"elementor-element elementor-element-1b143b2 e-flex e-con-boxed e-con e-parent\" data-id=\"1b143b2\" data-element_type=\"container\">\n\t\t\t\t\t<div class=\"e-con-inner\">\n\t\t\t\t<div class=\"elementor-element elementor-element-52ada4e elementor-widget elementor-widget-html\" data-id=\"52ada4e\" data-element_type=\"widget\" data-widget_type=\"html.default\">\n\t\t\t\t<div class=\"elementor-widget-container\">\n\t\t\t\t\t<!DOCTYPE html>\n<html lang=\"sk\">\n<head>\n    <meta charset=\"UTF-8\">\n    <meta name=\"viewport\" content=\"width=device-width, initial-scale=1.0\">\n    <title>Elektroin\u0161tal\u00e1cie<\/title>\n    <script src=\"https:\/\/kit.fontawesome.com\/your-fontawesome-kit.js\" crossorigin=\"anonymous\"><\/script>\n    <style>\n        body {\n            font-family: Arial, sans-serif;\n            background-color: #f9f9f9;\n            text-align: center;\n            padding: 20px;\n        }\n\n        .features-container {\n            display: grid;\n            grid-template-columns: repeat(4, 1fr);\n            gap: 20px;\n            justify-content: center;\n            max-width: 1200px;\n            margin: auto;\n        }\n\n        .feature-box {\n            background: #ffffff;\n            padding: 20px;\n            border-radius: 15px;\n            box-shadow: 0px 4px 10px rgba(0, 0, 0, 0.1);\n            text-align: center;\n            transition: transform 0.3s ease-in-out;\n        }\n\n        .feature-box:hover {\n            transform: translateY(-5px);\n        }\n\n        .feature-box i {\n            font-size: 30px;\n            color: #65FF4F;\n            margin-bottom: 10px;\n        }\n\n        .feature-box h3 {\n            color: #4D4D4D;\n            font-size: 18px;\n            margin-bottom: 10px;\n        }\n\n        .feature-box p {\n            color: #666;\n            font-size: 14px;\n        }\n\n        @media (max-width: 1024px) {\n            .features-container {\n                grid-template-columns: repeat(2, 1fr);\n            }\n        }\n\n        @media (max-width: 600px) {\n            .features-container {\n                grid-template-columns: repeat(1, 1fr);\n            }\n        }\n    <\/style>\n<\/head>\n<body>\n    <div class=\"features-container\">\n        <div class=\"feature-box\">\n            <i class=\"fas fa-bolt\"><\/i>\n            <h3>Kompletn\u00e9 elektroin\u0161tal\u00e1cie<\/h3>\n            <p>Realiz\u00e1cia elektrick\u00fdch rozvodov pre novostavby aj rekon\u0161trukcie.<\/p>\n        <\/div>\n\n        <div class=\"feature-box\">\n            <i class=\"fas fa-tools\"><\/i>\n            <h3>Mont\u00e1\u017e a v\u00fdmena isti\u010dov a rozv\u00e1dza\u010dov<\/h3>\n            <p>Profesion\u00e1lne rie\u0161enia pre bezpe\u010dn\u00fd pr\u00edvod elektriny.<\/p>\n        <\/div>\n\n        <div class=\"feature-box\">\n            <i class=\"fas fa-plug\"><\/i>\n            <h3>In\u0161tal\u00e1cia z\u00e1suviek a osvetlenia<\/h3>\n            <p>Presn\u00e1 mont\u00e1\u017e elektrick\u00fdch prvkov pod\u013ea va\u0161ich potrieb.<\/p>\n        <\/div>\n\n        <div class=\"feature-box\">\n            <i class=\"fas fa-search\"><\/i>\n            <h3>Rev\u00edzie a diagnostika elektroin\u0161tal\u00e1ci\u00ed<\/h3>\n            <p>Kontrola bezpe\u010dnosti a funk\u010dnosti elektrick\u00fdch rozvodov.<\/p>\n        <\/div>\n    <\/div>\n<\/body>\n<\/html>\n\t\t\t\t<\/div>\n\t\t\t\t<\/div>\n\t\t\t\t\t<\/div>\n\t\t\t\t<\/div>\n\t\t<div class=\"elementor-element elementor-element-5b21e4d e-flex e-con-boxed e-con e-parent\" data-id=\"5b21e4d\" data-element_type=\"container\">\n\t\t\t\t\t<div class=\"e-con-inner\">\n\t\t\t\t<div class=\"elementor-element elementor-element-d83aa8a elementor-widget elementor-widget-heading\" data-id=\"d83aa8a\" data-element_type=\"widget\" data-widget_type=\"heading.default\">\n\t\t\t\t<div class=\"elementor-widget-container\">\n\t\t\t\t\t<h2 class=\"elementor-heading-title elementor-size-default\">V\u00fdhody na\u0161ich elektroin\u0161tala\u010dn\u00fdch rie\u0161en\u00ed<\/h2>\t\t\t\t<\/div>\n\t\t\t\t<\/div>\n\t\t\t\t\t<\/div>\n\t\t\t\t<\/div>\n\t\t<div class=\"elementor-element elementor-element-20d8ae1 e-flex e-con-boxed e-con e-parent\" data-id=\"20d8ae1\" data-element_type=\"container\">\n\t\t\t\t\t<div class=\"e-con-inner\">\n\t\t\t\t<div class=\"elementor-element elementor-element-88d26d5 elementor-icon-list--layout-traditional elementor-list-item-link-full_width elementor-widget elementor-widget-icon-list\" data-id=\"88d26d5\" data-element_type=\"widget\" data-widget_type=\"icon-list.default\">\n\t\t\t\t<div class=\"elementor-widget-container\">\n\t\t\t\t\t\t\t<ul class=\"elementor-icon-list-items\">\n\t\t\t\t\t\t\t<li class=\"elementor-icon-list-item\">\n\t\t\t\t\t\t\t\t\t\t\t<span class=\"elementor-icon-list-icon\">\n\t\t\t\t\t\t\t<svg aria-hidden=\"true\" class=\"e-font-icon-svg e-fas-check-circle\" viewBox=\"0 0 512 512\" xmlns=\"http:\/\/www.w3.org\/2000\/svg\"><path d=\"M504 256c0 136.967-111.033 248-248 248S8 392.967 8 256 119.033 8 256 8s248 111.033 248 248zM227.314 387.314l184-184c6.248-6.248 6.248-16.379 0-22.627l-22.627-22.627c-6.248-6.249-16.379-6.249-22.628 0L216 308.118l-70.059-70.059c-6.248-6.248-16.379-6.248-22.628 0l-22.627 22.627c-6.248 6.248-6.248 16.379 0 22.627l104 104c6.249 6.249 16.379 6.249 22.628.001z\"><\/path><\/svg>\t\t\t\t\t\t<\/span>\n\t\t\t\t\t\t\t\t\t\t<span class=\"elementor-icon-list-text\"><b>Bezpe\u010dnos\u0165<\/b> - Pracujeme s kvalitn\u00fdmi materi\u00e1lmi a dodr\u017eiavame v\u0161etky normy.<\/span>\n\t\t\t\t\t\t\t\t\t<\/li>\n\t\t\t\t\t\t\t\t<li class=\"elementor-icon-list-item\">\n\t\t\t\t\t\t\t\t\t\t\t<span class=\"elementor-icon-list-icon\">\n\t\t\t\t\t\t\t<svg aria-hidden=\"true\" class=\"e-font-icon-svg e-fas-check-circle\" viewBox=\"0 0 512 512\" xmlns=\"http:\/\/www.w3.org\/2000\/svg\"><path d=\"M504 256c0 136.967-111.033 248-248 248S8 392.967 8 256 119.033 8 256 8s248 111.033 248 248zM227.314 387.314l184-184c6.248-6.248 6.248-16.379 0-22.627l-22.627-22.627c-6.248-6.249-16.379-6.249-22.628 0L216 308.118l-70.059-70.059c-6.248-6.248-16.379-6.248-22.628 0l-22.627 22.627c-6.248 6.248-6.248 16.379 0 22.627l104 104c6.249 6.249 16.379 6.249 22.628.001z\"><\/path><\/svg>\t\t\t\t\t\t<\/span>\n\t\t\t\t\t\t\t\t\t\t<span class=\"elementor-icon-list-text\"><b>Spo\u013eahlivos\u0165<\/b> - Ka\u017ed\u00e1 in\u0161tal\u00e1cia je realizovan\u00e1 s d\u00f4razom na dlhodob\u00fa \u017eivotnos\u0165.<\/span>\n\t\t\t\t\t\t\t\t\t<\/li>\n\t\t\t\t\t\t\t\t<li class=\"elementor-icon-list-item\">\n\t\t\t\t\t\t\t\t\t\t\t<span class=\"elementor-icon-list-icon\">\n\t\t\t\t\t\t\t<svg aria-hidden=\"true\" class=\"e-font-icon-svg e-fas-check-circle\" viewBox=\"0 0 512 512\" xmlns=\"http:\/\/www.w3.org\/2000\/svg\"><path d=\"M504 256c0 136.967-111.033 248-248 248S8 392.967 8 256 119.033 8 256 8s248 111.033 248 248zM227.314 387.314l184-184c6.248-6.248 6.248-16.379 0-22.627l-22.627-22.627c-6.248-6.249-16.379-6.249-22.628 0L216 308.118l-70.059-70.059c-6.248-6.248-16.379-6.248-22.628 0l-22.627 22.627c-6.248 6.248-6.248 16.379 0 22.627l104 104c6.249 6.249 16.379 6.249 22.628.001z\"><\/path><\/svg>\t\t\t\t\t\t<\/span>\n\t\t\t\t\t\t\t\t\t\t<span class=\"elementor-icon-list-text\"><b>Efekt\u00edvnos\u0165<\/b> - Navrhujeme rie\u0161enia, ktor\u00e9 zni\u017euj\u00fa energetick\u00e9 straty a zvy\u0161uj\u00fa \u00faspory.<\/span>\n\t\t\t\t\t\t\t\t\t<\/li>\n\t\t\t\t\t\t\t\t<li class=\"elementor-icon-list-item\">\n\t\t\t\t\t\t\t\t\t\t\t<span class=\"elementor-icon-list-icon\">\n\t\t\t\t\t\t\t<svg aria-hidden=\"true\" class=\"e-font-icon-svg e-fas-check-circle\" viewBox=\"0 0 512 512\" xmlns=\"http:\/\/www.w3.org\/2000\/svg\"><path d=\"M504 256c0 136.967-111.033 248-248 248S8 392.967 8 256 119.033 8 256 8s248 111.033 248 248zM227.314 387.314l184-184c6.248-6.248 6.248-16.379 0-22.627l-22.627-22.627c-6.248-6.249-16.379-6.249-22.628 0L216 308.118l-70.059-70.059c-6.248-6.248-16.379-6.248-22.628 0l-22.627 22.627c-6.248 6.248-6.248 16.379 0 22.627l104 104c6.249 6.249 16.379 6.249 22.628.001z\"><\/path><\/svg>\t\t\t\t\t\t<\/span>\n\t\t\t\t\t\t\t\t\t\t<span class=\"elementor-icon-list-text\"><b>Prisp\u00f4sobenie na mieru<\/b> - Ka\u017ed\u00fd projekt rie\u0161ime individu\u00e1lne pod\u013ea potrieb klienta.<\/span>\n\t\t\t\t\t\t\t\t\t<\/li>\n\t\t\t\t\t\t<\/ul>\n\t\t\t\t\t\t<\/div>\n\t\t\t\t<\/div>\n\t\t\t\t\t<\/div>\n\t\t\t\t<\/div>\n\t\t<div class=\"elementor-element elementor-element-127bdf4 e-flex e-con-boxed e-con e-parent\" data-id=\"127bdf4\" data-element_type=\"container\">\n\t\t\t\t\t<div class=\"e-con-inner\">\n\t\t\t\t<div class=\"elementor-element elementor-element-3c8cd86 elementor-widget elementor-widget-heading\" data-id=\"3c8cd86\" data-element_type=\"widget\" data-widget_type=\"heading.default\">\n\t\t\t\t<div class=\"elementor-widget-container\">\n\t\t\t\t\t<h2 class=\"elementor-heading-title elementor-size-default\">Ako prebieha mont\u00e1\u017e elektroin\u0161tal\u00e1cie?<\/h2>\t\t\t\t<\/div>\n\t\t\t\t<\/div>\n\t\t\t\t\t<\/div>\n\t\t\t\t<\/div>\n\t\t<div class=\"elementor-element elementor-element-a65e2f1 e-flex e-con-boxed e-con e-parent\" data-id=\"a65e2f1\" data-element_type=\"container\">\n\t\t\t\t\t<div class=\"e-con-inner\">\n\t\t\t\t<div class=\"elementor-element elementor-element-a96f590 elementor-widget elementor-widget-html\" data-id=\"a96f590\" data-element_type=\"widget\" data-widget_type=\"html.default\">\n\t\t\t\t<div class=\"elementor-widget-container\">\n\t\t\t\t\t<!DOCTYPE html>\n<html lang=\"sk\">\n<head>\n    <meta charset=\"UTF-8\">\n    <meta name=\"viewport\" content=\"width=device-width, initial-scale=1.0\">\n    <title>Proces Elektroin\u0161tal\u00e1cie<\/title>\n    <script src=\"https:\/\/kit.fontawesome.com\/your-fontawesome-kit.js\" crossorigin=\"anonymous\"><\/script>\n    <style>\n        body {\n            font-family: Arial, sans-serif;\n            text-align: center;\n            padding: 20px;\n        }\n\n        .steps-container {\n            display: grid;\n            grid-template-columns: repeat(4, 1fr);\n            gap: 20px;\n            justify-content: center;\n            max-width: 1200px;\n            margin: auto;\n        }\n\n        .step-box {\n            background: #ffffff;\n            padding: 20px;\n            border-radius: 15px;\n            box-shadow: 0px 4px 10px rgba(0, 0, 0, 0.1);\n            text-align: center;\n            transition: transform 0.3s ease-in-out;\n            position: relative;\n        }\n\n        .step-box:hover {\n            transform: translateY(-5px);\n        }\n\n        .step-number {\n            position: absolute;\n            top: -10px;\n            left: -10px;\n            background: #65FF4F;\n            color: #4D4D4D;\n            width: 30px;\n            height: 30px;\n            border-radius: 50%;\n            display: flex;\n            align-items: center;\n            justify-content: center;\n            font-weight: bold;\n        }\n\n        .step-box h3 {\n            color: #4D4D4D;\n            font-size: 18px;\n            margin-bottom: 10px;\n        }\n\n        .step-box p {\n            color: #666;\n            font-size: 14px;\n        }\n\n        @media (max-width: 1024px) {\n            .steps-container {\n                grid-template-columns: repeat(2, 1fr);\n            }\n        }\n\n        @media (max-width: 600px) {\n            .steps-container {\n                grid-template-columns: repeat(1, 1fr);\n            }\n        }\n    <\/style>\n<\/head>\n<body>\n    <div class=\"steps-container\">\n        <div class=\"step-box\">\n            <div class=\"step-number\">1<\/div>\n            <h3>Anal\u00fdza a n\u00e1vrh syst\u00e9mu<\/h3>\n            <p>Zhodnot\u00edme va\u0161e potreby a priprav\u00edme optim\u00e1lne rie\u0161enie.<\/p>\n        <\/div>\n\n        <div class=\"step-box\">\n            <div class=\"step-number\">2<\/div>\n            <h3>Realiz\u00e1cia elektroin\u0161tal\u00e1cie<\/h3>\n            <p>Profesion\u00e1lna mont\u00e1\u017e a prec\u00edzne zapojenie v\u0161etk\u00fdch syst\u00e9mov.<\/p>\n        <\/div>\n\n        <div class=\"step-box\">\n            <div class=\"step-number\">3<\/div>\n            <h3>Testovanie a rev\u00edzia<\/h3>\n            <p>Over\u00edme bezpe\u010dnos\u0165 a funk\u010dnos\u0165 celej elektroin\u0161tal\u00e1cie.<\/p>\n        <\/div>\n\n        <div class=\"step-box\">\n            <div class=\"step-number\">4<\/div>\n            <h3>Odovzdanie a podpora<\/h3>\n            <p>Poskytujeme servis a poradenstvo pre maxim\u00e1lnu spokojnos\u0165.<\/p>\n        <\/div>\n    <\/div>\n<\/body>\n<\/html>\t\t\t\t<\/div>\n\t\t\t\t<\/div>\n\t\t\t\t\t<\/div>\n\t\t\t\t<\/div>\n\t\t<div class=\"elementor-element elementor-element-efedbea e-flex e-con-boxed e-con e-parent\" data-id=\"efedbea\" data-element_type=\"container\">\n\t\t\t\t\t<div class=\"e-con-inner\">\n\t\t<div class=\"elementor-element elementor-element-cd31fbf e-con-full e-flex e-con e-child\" data-id=\"cd31fbf\" data-element_type=\"container\">\n\t\t<div class=\"elementor-element elementor-element-9d4cfd7 e-con-full e-flex e-con e-child\" data-id=\"9d4cfd7\" data-element_type=\"container\">\n\t\t\t\t<div class=\"elementor-element elementor-element-239160e elementor-align-left elementor-invisible elementor-widget elementor-widget-obelisk-title\" data-id=\"239160e\" data-element_type=\"widget\" data-settings=\"{&quot;_animation&quot;:&quot;fadeInUp&quot;}\" data-widget_type=\"obelisk-title.default\">\n\t\t\t\t<div class=\"elementor-widget-container\">\n\t\t\t\t\t\r\n\r\n<div class=\"obelisk-title style-2\">\r\n\t<h2 class=\" animate custom-font\" data-splitting>V\u00e1\u0161 projekt <b><\/b><\/h2>\r\n<\/div>\t\t\t\t<\/div>\n\t\t\t\t<\/div>\n\t\t\t\t<div class=\"elementor-element elementor-element-93cc365 elementor-align-left elementor-invisible elementor-widget elementor-widget-obelisk-title\" data-id=\"93cc365\" data-element_type=\"widget\" data-settings=\"{&quot;_animation&quot;:&quot;fadeInUp&quot;}\" data-widget_type=\"obelisk-title.default\">\n\t\t\t\t<div class=\"elementor-widget-container\">\n\t\t\t\t\t<div class=\"obelisk-header style-8 cd-headline clip\">\r\n    <span class=\"cd-words-wrapper\">\r\n                                        <b class=\"is-visible color-font fw-600\">na\u0161a \u0161ikovnos\u0165<\/b>\r\n                                            <b class=\" color-font fw-600\">na\u0161e rie\u0161enia<\/b>\r\n                                            <b class=\" color-font fw-600\">na\u0161e sk\u00fasenosti<\/b>\r\n                        <\/span>\r\n<\/div>\t\t\t\t<\/div>\n\t\t\t\t<\/div>\n\t\t\t\t<\/div>\n\t\t<div class=\"elementor-element elementor-element-14091f4 e-con-full e-flex e-con e-child\" data-id=\"14091f4\" data-element_type=\"container\">\n\t\t\t\t<div class=\"elementor-element elementor-element-03b3510 elementor-widget elementor-widget-html\" data-id=\"03b3510\" data-element_type=\"widget\" data-widget_type=\"html.default\">\n\t\t\t\t<div class=\"elementor-widget-container\">\n\t\t\t\t\t<!DOCTYPE html>\n<html lang=\"sk\">\n<head>\n    <meta charset=\"UTF-8\">\n    <meta name=\"viewport\" content=\"width=device-width, initial-scale=1.0\">\n    <title>Tla\u010didlo Kontaktujte n\u00e1s<\/title>\n    <style>\n        .custom-button {\n            display: inline-block;\n            width: 300px;\n            height: 200px;\n            background-color: #4D4D4D; \/* Norm\u00e1lne pozadie *\/\n            color: #ffffff; \/* Norm\u00e1lny text *\/\n            font-size: 30px;\n            font-weight: bold;\n            text-align: center;\n            line-height: 200px; \/* Zarovnanie textu do stredu *\/\n            text-decoration: none;\n            border-radius: 20px; \/* Zaoblen\u00e9 rohy *\/\n            transition: all 0.3s ease-in-out;\n        }\n\n        .custom-button:hover {\n            background-color: #65FF4F; \/* Pozadie po najazden\u00ed *\/\n            color: #ffffff; \/* Farba textu zost\u00e1va rovnak\u00e1 *\/\n        }\n    <\/style>\n<\/head>\n<body>\n\n    <a href=\"https:\/\/www.sikovnebyvanie.sk\/?page_id=337\" class=\"custom-button\">Kontaktujte n\u00e1s<\/a>\n\n<\/body>\n<\/html>\t\t\t\t<\/div>\n\t\t\t\t<\/div>\n\t\t\t\t<\/div>\n\t\t\t\t<\/div>\n\t\t\t\t\t<\/div>\n\t\t\t\t<\/div>\n\t\t\t\t<\/div>\n\t\t","protected":false},"excerpt":{"rendered":"<p>Spo\u013eahliv\u00e9 rie\u0161enia pre bezpe\u010dn\u00fd a modern\u00fd domov Elektroin\u0161tal\u00e1cie Elektroin\u0161tal\u00e1cie Kompletn\u00e9 elektroin\u0161tal\u00e1cie Realiz\u00e1cia elektrick\u00fdch rozvodov pre novostavby aj rekon\u0161trukcie. Mont\u00e1\u017e a v\u00fdmena isti\u010dov a rozv\u00e1dza\u010dov Profesion\u00e1lne rie\u0161enia pre bezpe\u010dn\u00fd pr\u00edvod elektriny. In\u0161tal\u00e1cia z\u00e1suviek a osvetlenia Presn\u00e1 mont\u00e1\u017e elektrick\u00fdch prvkov pod\u013ea va\u0161ich potrieb. Rev\u00edzie a diagnostika elektroin\u0161tal\u00e1ci\u00ed Kontrola bezpe\u010dnosti a funk\u010dnosti elektrick\u00fdch rozvodov. V\u00fdhody na\u0161ich elektroin\u0161tala\u010dn\u00fdch rie\u0161en\u00ed Bezpe\u010dnos\u0165 &#8211; Pracujeme s kvalitn\u00fdmi &hellip;<\/p>\n","protected":false},"author":1,"featured_media":0,"parent":0,"menu_order":0,"comment_status":"closed","ping_status":"closed","template":"blank-builder.php","meta":{"_monsterinsights_skip_tracking":false,"_monsterinsights_sitenote_active":false,"_monsterinsights_sitenote_note":"","_monsterinsights_sitenote_category":0,"footnotes":""},"class_list":["post-907","page","type-page","status-publish","hentry"],"aioseo_notices":[],"_links":{"self":[{"href":"https:\/\/www.sikovnebyvanie.sk\/index.php?rest_route=\/wp\/v2\/pages\/907","targetHints":{"allow":["GET"]}}],"collection":[{"href":"https:\/\/www.sikovnebyvanie.sk\/index.php?rest_route=\/wp\/v2\/pages"}],"about":[{"href":"https:\/\/www.sikovnebyvanie.sk\/index.php?rest_route=\/wp\/v2\/types\/page"}],"author":[{"embeddable":true,"href":"https:\/\/www.sikovnebyvanie.sk\/index.php?rest_route=\/wp\/v2\/users\/1"}],"replies":[{"embeddable":true,"href":"https:\/\/www.sikovnebyvanie.sk\/index.php?rest_route=%2Fwp%2Fv2%2Fcomments&post=907"}],"version-history":[{"count":6,"href":"https:\/\/www.sikovnebyvanie.sk\/index.php?rest_route=\/wp\/v2\/pages\/907\/revisions"}],"predecessor-version":[{"id":1112,"href":"https:\/\/www.sikovnebyvanie.sk\/index.php?rest_route=\/wp\/v2\/pages\/907\/revisions\/1112"}],"wp:attachment":[{"href":"https:\/\/www.sikovnebyvanie.sk\/index.php?rest_route=%2Fwp%2Fv2%2Fmedia&parent=907"}],"curies":[{"name":"wp","href":"https:\/\/api.w.org\/{rel}","templated":true}]}}